{"id":6373,"date":"2025-02-18T14:09:23","date_gmt":"2025-02-18T14:09:23","guid":{"rendered":"https:\/\/wp.ditsolution.net\/techno-new?page_id=6373"},"modified":"2025-02-20T16:57:33","modified_gmt":"2025-02-20T16:57:33","slug":"refund_returns","status":"publish","type":"page","link":"https:\/\/rimacomp.com\/?page_id=6373","title":{"rendered":"Impressum"},"content":{"rendered":"\t\t<div data-elementor-type=\"wp-page\" data-elementor-id=\"6373\" class=\"elementor elementor-6373\" data-elementor-post-type=\"page\">\n\t\t\t\t<div class=\"elementor-element elementor-element-2f37ac17 e-flex e-con-boxed e-con e-parent\" data-id=\"2f37ac17\" data-element_type=\"container\">\n\t\t\t\t\t<div class=\"e-con-inner\">\n\t\t\t\t<div class=\"elementor-element elementor-element-4b0d5abe elementor-widget elementor-widget-text-editor\" data-id=\"4b0d5abe\" data-element_type=\"widget\" data-widget_type=\"text-editor.default\">\n\t\t\t\t<div class=\"elementor-widget-container\">\n\t\t\t\t\t\t\t\t\t<p><strong><\/strong><\/p>\n<div class=\"techno-single-blog-title\">\n<p><strong>RIMACOMP \u2013 GmbH<\/strong><\/p>\n<p>Hirschstettner Stra\u00dfe 19<br \/>1220 Wien, \u00d6sterreich<br \/>Tel: \u00a0 +43 (0)5 1765 0<\/p>\n<p>Gerichtsstand: Wien<br \/>UID: ATU79690416<br \/>FN: 609616w<\/p>\n<p>Gesch\u00e4ftsf\u00fchrer: Martin Mayrl &amp; Thomas Riedl<\/p>\n<p><strong>Haftungsauschluss<\/strong><\/p>\n<p>Grundlegende Richtung Offenlegung gem\u00e4\u00df \u00a7 25 Mediengesetz:\u00a0Diese Website dient der Pr\u00e4sentation der RIMACOMP \u2013 GmbH, \u00fcber die von ihr angebotenen Produkte und Leistungen.<\/p>\n<p>Nutzungsbedingungen: S\u00e4mtliche Inhalte werden vor der Ver\u00f6ffentlichung sorgf\u00e4ltig gepr\u00fcft. Auf Grund der technischen Eigenschaften des Internets kann keine Gew\u00e4hr f\u00fcr die Richtigkeit und Vollst\u00e4ndigkeit \u00fcbernommen werden. Auch beh\u00e4lt sich die RIMACOMP \u2013 GmbH das Recht vor, \u00c4nderungen oder Erg\u00e4nzungen der bereitgestellten Informationen ohne vorherige Ank\u00fcndigung vorzunehmen. Die RIMACOM \u2013 GmbH hat keine Kontrolle \u00fcber die Inhalte von verlinkten Seiten.<\/p>\n<\/div>\n<p><\/p>\t\t\t\t\t\t\t\t<\/div>\n\t\t\t\t<\/div>\n\t\t\t\t\t<\/div>\n\t\t\t\t<\/div>\n\t\t\t\t<\/div>\n\t\t","protected":false},"excerpt":{"rendered":"<p>RIMACOMP \u2013 GmbH Hirschstettner Stra\u00dfe 191220 Wien, \u00d6sterreichTel: \u00a0 +43 (0)5 1765 0 Gerichtsstand: WienUID: ATU79690416FN: 609616w Gesch\u00e4ftsf\u00fchrer: Martin Mayrl &amp; Thomas Riedl Haftungsauschluss Grundlegende Richtung Offenlegung gem\u00e4\u00df \u00a7 25 Mediengesetz:\u00a0Diese Website dient der Pr\u00e4sentation der RIMACOMP \u2013 GmbH, \u00fcber die von ihr angebotenen Produkte und Leistungen. Nutzungsbedingungen: S\u00e4mtliche Inhalte werden vor der Ver\u00f6ffentlichung sorgf\u00e4ltig [&hellip;]<\/p>\n","protected":false},"author":1,"featured_media":0,"parent":0,"menu_order":0,"comment_status":"closed","ping_status":"closed","template":"","meta":{"_monsterinsights_skip_tracking":false,"_monsterinsights_sitenote_active":false,"_monsterinsights_sitenote_note":"","_monsterinsights_sitenote_category":0,"footnotes":""},"class_list":["post-6373","page","type-page","status-publish","hentry"],"aioseo_notices":[],"_links":{"self":[{"href":"https:\/\/rimacomp.com\/index.php?rest_route=\/wp\/v2\/pages\/6373","targetHints":{"allow":["GET"]}}],"collection":[{"href":"https:\/\/rimacomp.com\/index.php?rest_route=\/wp\/v2\/pages"}],"about":[{"href":"https:\/\/rimacomp.com\/index.php?rest_route=\/wp\/v2\/types\/page"}],"author":[{"embeddable":true,"href":"https:\/\/rimacomp.com\/index.php?rest_route=\/wp\/v2\/users\/1"}],"replies":[{"embeddable":true,"href":"https:\/\/rimacomp.com\/index.php?rest_route=%2Fwp%2Fv2%2Fcomments&post=6373"}],"version-history":[{"count":11,"href":"https:\/\/rimacomp.com\/index.php?rest_route=\/wp\/v2\/pages\/6373\/revisions"}],"predecessor-version":[{"id":20831,"href":"https:\/\/rimacomp.com\/index.php?rest_route=\/wp\/v2\/pages\/6373\/revisions\/20831"}],"wp:attachment":[{"href":"https:\/\/rimacomp.com\/index.php?rest_route=%2Fwp%2Fv2%2Fmedia&parent=6373"}],"curies":[{"name":"wp","href":"https:\/\/api.w.org\/{rel}","templated":true}]}}