{"id":6543,"date":"2022-03-07T06:27:56","date_gmt":"2022-03-07T06:27:56","guid":{"rendered":"http:\/\/localhost\/techno\/?page_id=6543"},"modified":"2025-02-23T14:56:49","modified_gmt":"2025-02-23T14:56:49","slug":"about-04","status":"publish","type":"page","link":"https:\/\/rimacomp.com\/?page_id=6543","title":{"rendered":"Der Kompressor"},"content":{"rendered":"\t\t<div data-elementor-type=\"wp-page\" data-elementor-id=\"6543\" class=\"elementor elementor-6543\" data-elementor-post-type=\"page\">\n\t\t\t\t\t\t<section class=\"elementor-section elementor-top-section elementor-element elementor-element-2f7d60f elementor-section-boxed elementor-section-height-default elementor-section-height-default\" data-id=\"2f7d60f\" data-element_type=\"section\">\n\t\t\t\t\t\t<div class=\"elementor-container elementor-column-gap-default\">\n\t\t\t\t\t<div class=\"elementor-column elementor-col-100 elementor-top-column elementor-element elementor-element-76ddeb0\" data-id=\"76ddeb0\" data-element_type=\"column\">\n\t\t\t<div class=\"elementor-widget-wrap\">\n\t\t\t\t\t\t\t<\/div>\n\t\t<\/div>\n\t\t\t\t\t<\/div>\n\t\t<\/section>\n\t\t\t\t<section class=\"elementor-section elementor-top-section elementor-element elementor-element-cab7d25 elementor-section-content-middle elementor-section-boxed elementor-section-height-default elementor-section-height-default\" data-id=\"cab7d25\" data-element_type=\"section\">\n\t\t\t\t\t\t<div class=\"elementor-container elementor-column-gap-default\">\n\t\t\t\t\t<div class=\"elementor-column elementor-col-50 elementor-top-column elementor-element elementor-element-7ade97b\" data-id=\"7ade97b\" data-element_type=\"column\">\n\t\t\t<div class=\"elementor-widget-wrap elementor-element-populated\">\n\t\t\t\t\t\t<div class=\"elementor-element elementor-element-78beebb elementor-widget elementor-widget-image\" data-id=\"78beebb\" data-element_type=\"widget\" data-widget_type=\"image.default\">\n\t\t\t\t<div class=\"elementor-widget-container\">\n\t\t\t\t\t\t\t\t\t\t\t\t\t\t\t<img fetchpriority=\"high\" decoding=\"async\" width=\"1024\" height=\"1024\" src=\"https:\/\/rimacomp.com\/wp-content\/uploads\/2025\/02\/DALL\u00b7E-2025-02-20-20.26.02-A-high-quality-3D-rendered-__exploded-view__-of-a-hydraulic-piston-compressor.-This-perspective-should-showcase__-Components-slightly-separated-to-il.webp\" class=\"attachment-large size-large wp-image-20956\" alt=\"\" srcset=\"https:\/\/rimacomp.com\/wp-content\/uploads\/2025\/02\/DALL\u00b7E-2025-02-20-20.26.02-A-high-quality-3D-rendered-__exploded-view__-of-a-hydraulic-piston-compressor.-This-perspective-should-showcase__-Components-slightly-separated-to-il.webp 1024w, https:\/\/rimacomp.com\/wp-content\/uploads\/2025\/02\/DALL\u00b7E-2025-02-20-20.26.02-A-high-quality-3D-rendered-__exploded-view__-of-a-hydraulic-piston-compressor.-This-perspective-should-showcase__-Components-slightly-separated-to-il-300x300.webp 300w, https:\/\/rimacomp.com\/wp-content\/uploads\/2025\/02\/DALL\u00b7E-2025-02-20-20.26.02-A-high-quality-3D-rendered-__exploded-view__-of-a-hydraulic-piston-compressor.-This-perspective-should-showcase__-Components-slightly-separated-to-il-150x150.webp 150w, https:\/\/rimacomp.com\/wp-content\/uploads\/2025\/02\/DALL\u00b7E-2025-02-20-20.26.02-A-high-quality-3D-rendered-__exploded-view__-of-a-hydraulic-piston-compressor.-This-perspective-should-showcase__-Components-slightly-separated-to-il-768x768.webp 768w, https:\/\/rimacomp.com\/wp-content\/uploads\/2025\/02\/DALL\u00b7E-2025-02-20-20.26.02-A-high-quality-3D-rendered-__exploded-view__-of-a-hydraulic-piston-compressor.-This-perspective-should-showcase__-Components-slightly-separated-to-il-450x450.webp 450w, https:\/\/rimacomp.com\/wp-content\/uploads\/2025\/02\/DALL\u00b7E-2025-02-20-20.26.02-A-high-quality-3D-rendered-__exploded-view__-of-a-hydraulic-piston-compressor.-This-perspective-should-showcase__-Components-slightly-separated-to-il-106x106.webp 106w, https:\/\/rimacomp.com\/wp-content\/uploads\/2025\/02\/DALL\u00b7E-2025-02-20-20.26.02-A-high-quality-3D-rendered-__exploded-view__-of-a-hydraulic-piston-compressor.-This-perspective-should-showcase__-Components-slightly-separated-to-il-560x560.webp 560w, https:\/\/rimacomp.com\/wp-content\/uploads\/2025\/02\/DALL\u00b7E-2025-02-20-20.26.02-A-high-quality-3D-rendered-__exploded-view__-of-a-hydraulic-piston-compressor.-This-perspective-should-showcase__-Components-slightly-separated-to-il-80x80.webp 80w\" sizes=\"(max-width: 1024px) 100vw, 1024px\" \/>\t\t\t\t\t\t\t\t\t\t\t\t\t\t\t<\/div>\n\t\t\t\t<\/div>\n\t\t\t\t\t<\/div>\n\t\t<\/div>\n\t\t\t\t<div class=\"elementor-column elementor-col-50 elementor-top-column elementor-element elementor-element-1ffe12e\" data-id=\"1ffe12e\" data-element_type=\"column\">\n\t\t\t<div class=\"elementor-widget-wrap elementor-element-populated\">\n\t\t\t\t\t\t<section class=\"elementor-section elementor-inner-section elementor-element elementor-element-a783353 elementor-section-boxed elementor-section-height-default elementor-section-height-default\" data-id=\"a783353\" data-element_type=\"section\">\n\t\t\t\t\t\t<div class=\"elementor-container elementor-column-gap-default\">\n\t\t\t\t\t<div class=\"elementor-column elementor-col-50 elementor-inner-column elementor-element elementor-element-a167532\" data-id=\"a167532\" data-element_type=\"column\">\n\t\t\t<div class=\"elementor-widget-wrap elementor-element-populated\">\n\t\t\t\t\t\t<div class=\"elementor-element elementor-element-0cfdd7a elementor-widget elementor-widget-heading\" data-id=\"0cfdd7a\" data-element_type=\"widget\" data-widget_type=\"heading.default\">\n\t\t\t\t<div class=\"elementor-widget-container\">\n\t\t\t\t\t<h1 class=\"elementor-heading-title elementor-size-default\">900<sup>%<\/sup><\/h1>\t\t\t\t<\/div>\n\t\t\t\t<\/div>\n\t\t\t\t<div class=\"elementor-element elementor-element-060bd82 elementor-widget elementor-widget-heading\" data-id=\"060bd82\" data-element_type=\"widget\" data-widget_type=\"heading.default\">\n\t\t\t\t<div class=\"elementor-widget-container\">\n\t\t\t\t\t<h5 class=\"elementor-heading-title elementor-size-default\">Schneller<\/h5>\t\t\t\t<\/div>\n\t\t\t\t<\/div>\n\t\t\t\t\t<\/div>\n\t\t<\/div>\n\t\t\t\t<div class=\"elementor-column elementor-col-50 elementor-inner-column elementor-element elementor-element-19f3ea3\" data-id=\"19f3ea3\" data-element_type=\"column\">\n\t\t\t<div class=\"elementor-widget-wrap elementor-element-populated\">\n\t\t\t\t\t\t<div class=\"elementor-element elementor-element-b5ce693 elementor-widget elementor-widget-heading\" data-id=\"b5ce693\" data-element_type=\"widget\" data-widget_type=\"heading.default\">\n\t\t\t\t<div class=\"elementor-widget-container\">\n\t\t\t\t\t<h1 class=\"elementor-heading-title elementor-size-default\">20<sup>%<\/sup><\/h1>\t\t\t\t<\/div>\n\t\t\t\t<\/div>\n\t\t\t\t<div class=\"elementor-element elementor-element-f5239e7 elementor-widget elementor-widget-heading\" data-id=\"f5239e7\" data-element_type=\"widget\" data-widget_type=\"heading.default\">\n\t\t\t\t<div class=\"elementor-widget-container\">\n\t\t\t\t\t<h5 class=\"elementor-heading-title elementor-size-default\">Sparsamer<\/h5>\t\t\t\t<\/div>\n\t\t\t\t<\/div>\n\t\t\t\t<div class=\"elementor-element elementor-element-08de4a5 elementor-widget elementor-widget-text-editor\" data-id=\"08de4a5\" data-element_type=\"widget\" data-widget_type=\"text-editor.default\">\n\t\t\t\t<div class=\"elementor-widget-container\">\n\t\t\t\t\t\t\t\t\t<p><strong>Als herk\u00f6mmliche <span style=\"color: #ff0000;\">Kolbenkompressoren<\/span><\/strong><\/p>\t\t\t\t\t\t\t\t<\/div>\n\t\t\t\t<\/div>\n\t\t\t\t\t<\/div>\n\t\t<\/div>\n\t\t\t\t\t<\/div>\n\t\t<\/section>\n\t\t\t\t\t<\/div>\n\t\t<\/div>\n\t\t\t\t\t<\/div>\n\t\t<\/section>\n\t\t\t\t<section class=\"elementor-section elementor-top-section elementor-element elementor-element-54d8bef elementor-section-boxed elementor-section-height-default elementor-section-height-default\" data-id=\"54d8bef\" data-element_type=\"section\" data-settings=\"{&quot;background_background&quot;:&quot;classic&quot;}\">\n\t\t\t\t\t\t<div class=\"elementor-container elementor-column-gap-default\">\n\t\t\t\t\t<div class=\"elementor-column elementor-col-50 elementor-top-column elementor-element elementor-element-a9f585b\" data-id=\"a9f585b\" data-element_type=\"column\">\n\t\t\t<div class=\"elementor-widget-wrap elementor-element-populated\">\n\t\t\t\t\t\t<section class=\"elementor-section elementor-inner-section elementor-element elementor-element-59c35c2 elementor-section-content-middle elementor-section-boxed elementor-section-height-default elementor-section-height-default\" data-id=\"59c35c2\" data-element_type=\"section\" data-settings=\"{&quot;background_background&quot;:&quot;classic&quot;}\">\n\t\t\t\t\t\t<div class=\"elementor-container elementor-column-gap-default\">\n\t\t\t\t\t<div class=\"elementor-column elementor-col-50 elementor-inner-column elementor-element elementor-element-0bd7b96\" data-id=\"0bd7b96\" data-element_type=\"column\" data-settings=\"{&quot;background_background&quot;:&quot;classic&quot;}\">\n\t\t\t<div class=\"elementor-widget-wrap elementor-element-populated\">\n\t\t\t\t\t\t<div class=\"elementor-element elementor-element-f556f5e elementor-widget elementor-widget-heading\" data-id=\"f556f5e\" data-element_type=\"widget\" data-widget_type=\"heading.default\">\n\t\t\t\t<div class=\"elementor-widget-container\">\n\t\t\t\t\t<h4 class=\"elementor-heading-title elementor-size-default\">Funktionsweise<\/h4>\t\t\t\t<\/div>\n\t\t\t\t<\/div>\n\t\t\t\t<div class=\"elementor-element elementor-element-3b4e9d5 elementor-widget__width-initial elementor-widget elementor-widget-text-editor\" data-id=\"3b4e9d5\" data-element_type=\"widget\" data-widget_type=\"text-editor.default\">\n\t\t\t\t<div class=\"elementor-widget-container\">\n\t\t\t\t\t\t\t\t\t<p>Eine Hydraulikpumpe presst die Hydraulikfl\u00fcssigkeit\u00a0 in einen ringf\u00f6rmigen Druckbeh\u00e4lter. Die Hydraulikpumpe wird durch einen Beh\u00e4lter f\u00fcr Hydraulikfl\u00fcssigkeit &#8230;<\/p>\t\t\t\t\t\t\t\t<\/div>\n\t\t\t\t<\/div>\n\t\t\t\t<div class=\"elementor-element elementor-element-4c78512 elementor-widget elementor-widget-button\" data-id=\"4c78512\" data-element_type=\"widget\" data-widget_type=\"button.default\">\n\t\t\t\t<div class=\"elementor-widget-container\">\n\t\t\t\t\t\t\t\t\t<div class=\"elementor-button-wrapper\">\n\t\t\t\t\t<a class=\"elementor-button elementor-button-link elementor-size-sm\" href=\"https:\/\/rimacomp.com\/?page_id=7774\">\n\t\t\t\t\t\t<span class=\"elementor-button-content-wrapper\">\n\t\t\t\t\t\t<span class=\"elementor-button-icon\">\n\t\t\t\t<i aria-hidden=\"true\" class=\"flaticon flaticon-right-arrow\"><\/i>\t\t\t<\/span>\n\t\t\t\t\t\t\t\t\t<span class=\"elementor-button-text\">Click here<\/span>\n\t\t\t\t\t<\/span>\n\t\t\t\t\t<\/a>\n\t\t\t\t<\/div>\n\t\t\t\t\t\t\t\t<\/div>\n\t\t\t\t<\/div>\n\t\t\t\t\t<\/div>\n\t\t<\/div>\n\t\t\t\t<div class=\"elementor-column elementor-col-50 elementor-inner-column elementor-element elementor-element-0c186cb\" data-id=\"0c186cb\" data-element_type=\"column\">\n\t\t\t<div class=\"elementor-widget-wrap elementor-element-populated\">\n\t\t\t\t\t\t\t<\/div>\n\t\t<\/div>\n\t\t\t\t\t<\/div>\n\t\t<\/section>\n\t\t\t\t\t<\/div>\n\t\t<\/div>\n\t\t\t\t<div class=\"elementor-column elementor-col-50 elementor-top-column elementor-element elementor-element-e54ef83\" data-id=\"e54ef83\" data-element_type=\"column\">\n\t\t\t<div class=\"elementor-widget-wrap elementor-element-populated\">\n\t\t\t\t<div class=\"elementor-element elementor-element-d262c07 e-flex e-con-boxed e-con e-parent\" data-id=\"d262c07\" data-element_type=\"container\">\n\t\t\t\t\t<div class=\"e-con-inner\">\n\t\t\t\t<div class=\"elementor-element elementor-element-707e274 elementor-widget elementor-widget-video\" data-id=\"707e274\" data-element_type=\"widget\" data-settings=\"{&quot;video_type&quot;:&quot;hosted&quot;,&quot;controls&quot;:&quot;yes&quot;}\" data-widget_type=\"video.default\">\n\t\t\t\t<div class=\"elementor-widget-container\">\n\t\t\t\t\t\t\t<div class=\"e-hosted-video elementor-wrapper elementor-open-inline\">\n\t\t\t\t\t<video class=\"elementor-video\" src=\"https:\/\/rimacomp.com\/wp-content\/uploads\/2025\/02\/Technische-Erklaerung-\u2013-Hydraulischer-Kolbenkompressor-Neu.mp4\" controls=\"\" preload=\"metadata\" controlsList=\"nodownload\"><\/video>\n\t\t\t\t<\/div>\n\t\t\t\t\t\t<\/div>\n\t\t\t\t<\/div>\n\t\t\t\t\t<\/div>\n\t\t\t\t<\/div>\n\t\t\t\t\t<\/div>\n\t\t<\/div>\n\t\t\t\t\t<\/div>\n\t\t<\/section>\n\t\t\t\t<section class=\"elementor-section elementor-top-section elementor-element elementor-element-5198a22 elementor-section-boxed elementor-section-height-default elementor-section-height-default\" data-id=\"5198a22\" data-element_type=\"section\">\n\t\t\t\t\t\t<div class=\"elementor-container elementor-column-gap-default\">\n\t\t\t\t\t<div class=\"elementor-column elementor-col-100 elementor-top-column elementor-element elementor-element-e0d8ac2\" data-id=\"e0d8ac2\" data-element_type=\"column\">\n\t\t\t<div class=\"elementor-widget-wrap elementor-element-populated\">\n\t\t\t\t<div class=\"elementor-element elementor-element-850e8b4 e-flex e-con-boxed e-con e-parent\" data-id=\"850e8b4\" data-element_type=\"container\">\n\t\t\t\t\t<div class=\"e-con-inner\">\n\t\t\t\t\t<\/div>\n\t\t\t\t<\/div>\n\t\t\t\t<section class=\"elementor-section elementor-inner-section elementor-element elementor-element-6fcd41d elementor-section-boxed elementor-section-height-default elementor-section-height-default\" data-id=\"6fcd41d\" data-element_type=\"section\">\n\t\t\t\t\t\t<div class=\"elementor-container elementor-column-gap-default\">\n\t\t\t\t\t<div class=\"elementor-column elementor-col-33 elementor-inner-column elementor-element elementor-element-28ab646\" data-id=\"28ab646\" data-element_type=\"column\">\n\t\t\t<div class=\"elementor-widget-wrap\">\n\t\t\t\t\t\t\t<\/div>\n\t\t<\/div>\n\t\t\t\t<div class=\"elementor-column elementor-col-33 elementor-inner-column elementor-element elementor-element-1deec94\" data-id=\"1deec94\" data-element_type=\"column\">\n\t\t\t<div class=\"elementor-widget-wrap\">\n\t\t\t\t\t\t\t<\/div>\n\t\t<\/div>\n\t\t\t\t<div class=\"elementor-column elementor-col-33 elementor-inner-column elementor-element elementor-element-a37dbdc\" data-id=\"a37dbdc\" data-element_type=\"column\">\n\t\t\t<div class=\"elementor-widget-wrap\">\n\t\t\t\t\t\t\t<\/div>\n\t\t<\/div>\n\t\t\t\t\t<\/div>\n\t\t<\/section>\n\t\t\t\t\t<\/div>\n\t\t<\/div>\n\t\t\t\t\t<\/div>\n\t\t<\/section>\n\t\t<div class=\"elementor-element elementor-element-d9a2bdb e-flex e-con-boxed e-con e-parent\" data-id=\"d9a2bdb\" data-element_type=\"container\">\n\t\t\t\t\t<div class=\"e-con-inner\">\n\t\t\t\t<div class=\"elementor-element elementor-element-2423fa5 elementor-widget elementor-widget-testimonial\" data-id=\"2423fa5\" data-element_type=\"widget\" data-widget_type=\"testimonial.default\">\n\t\t\t\t<div class=\"elementor-widget-container\">\n\t\t\t\t\t\t\t\r\n\r\n\t\t\r\n\r\n\t\t\t<div class=\"testimonial_list2 owl-carousel owl-loaded curosel-style testimonial-style-two\">\t\t\t\t\t\t\t\t\t\t\t\t\r\n\t\t\t\t\t\t\t\t<div class=\"col-md-12\">\t\r\n\r\n\t\t\t\t\t<div class=\"single_testimonial\">\r\n\t\t\t\t\t\t\t\t\t\t\t\t\r\n\t\t\t\t\t\t<div class=\"testi_thumb\">\r\n\t\t\t\t\t\t\t<img decoding=\"async\" src=\"https:\/\/rimacomp.com\/wp-content\/uploads\/2025\/02\/TR.jpg\" alt=\"\">\r\n\t\t\t\t\t\t<\/div>\r\n\t\t\t\t\t\t\r\n\t\t\t\t\t\t<div class=\"testi_content\">\r\n\t\t\t\t\t\t\t<div class=\"testi_text\">\r\n\t\t\t\t\t\t\t\tWir BIETEN das, was andere NICHT HABEN! <br>\n<span>EINEN INNOVATIVEN, EFFIZIENTEN & SPARSAMEN KOMPRESSOR.<\/span>\n\t\t\t\t\t\t\t<\/div>\r\n\t\t\t\t\t\t<\/div>\r\n\r\n\t\t\t\t\t\t<div class=\"em_reviews_rating\">\t\t\t\t\t\t\t\t\t\t\t\t\t\t\t\t\t\t\t\t\t\t\t\t\r\n\t\t\t\t\t\t\t\t\t\t\t<\/div>\r\n\t\t\t\t\t\t<div class=\"testi_title\">\r\n\t\t\t\t\t\t\t<h2>Thomas Riedl<span>CEO<\/span><\/h2>\r\n\t\t\t\t\t\t<\/div>\r\n\r\n\t\t\t\t\t<\/div>\t\t\t\t\t\t\t\t\t\t\r\n\r\n\t\t\t\t<\/div>\r\n\t\t\t\t\t\t\t\t\t\t\t\t\r\n\t\t\t\t\t\t\t\t\t\r\n\t\t\t<\/div>\r\n            <script>\r\n            \tjQuery(document).ready(function($) {\r\n            \t\t\"use strict\";\r\n                \t\/\/ 6.EM TESTIMONIAL\r\n                \t$('.testimonial_list2').owlCarousel({\r\n                \t\tloop: true,\r\n                \t\tautoplay: false,\r\n                \t\tautoplayTimeout: 10000,\r\n                \t\tdots: true,\r\n                \t\tnav: false,\r\n                \t\tnavText: [\"<i class='flaticon-back-1'><\/i>\", \"<i class='fa fa-angle-right'><\/i>\"],\r\n                \t\tresponsive: {\r\n                \t\t\t0: {\r\n                \t\t\t\titems: 1\r\n                \t\t\t},\r\n                \t\t\t768: {\r\n                \t\t\t\titems: 1\r\n                \t\t\t},\r\n                \t\t\t992: {\r\n                \t\t\t\titems: 1\r\n                \t\t\t},\r\n                \t\t\t1000: {\r\n                \t\t\t\titems: 1\r\n                \t\t\t},\r\n                \t\t\t1920: {\r\n                \t\t\t\titems: 1,\r\n                \t\t\t}\r\n                \t\t}\r\n                \t})\r\n            \t});\r\n            <\/script>\r\n\r\n\t\t\t\t\t\t\t\t\t\r\n\t\t\t\t\t\t<\/div>\n\t\t\t\t<\/div>\n\t\t\t\t\t<\/div>\n\t\t\t\t<\/div>\n\t\t\t\t<\/div>\n\t\t","protected":false},"excerpt":{"rendered":"<p>900% Schneller 20% Sparsamer Als herk\u00f6mmliche Kolbenkompressoren Funktionsweise Eine Hydraulikpumpe presst die Hydraulikfl\u00fcssigkeit\u00a0 in einen ringf\u00f6rmigen Druckbeh\u00e4lter. Die Hydraulikpumpe wird durch einen Beh\u00e4lter f\u00fcr Hydraulikfl\u00fcssigkeit &#8230; Click here https:\/\/rimacomp.com\/wp-content\/uploads\/2025\/02\/Technische-Erklaerung-\u2013-Hydraulischer-Kolbenkompressor-Neu.mp4 Lorem ipsum dolor sit amet, consectetur adipiscing elit. Ut elit tellus, luctus nec ullamcorper mattis, pulvinar dapibus leo. Max Mustermann Designer<\/p>\n","protected":false},"author":1,"featured_media":0,"parent":0,"menu_order":0,"comment_status":"closed","ping_status":"closed","template":"","meta":{"_monsterinsights_skip_tracking":false,"_monsterinsights_sitenote_active":false,"_monsterinsights_sitenote_note":"","_monsterinsights_sitenote_category":0,"footnotes":""},"class_list":["post-6543","page","type-page","status-publish","hentry"],"aioseo_notices":[],"_links":{"self":[{"href":"https:\/\/rimacomp.com\/index.php?rest_route=\/wp\/v2\/pages\/6543","targetHints":{"allow":["GET"]}}],"collection":[{"href":"https:\/\/rimacomp.com\/index.php?rest_route=\/wp\/v2\/pages"}],"about":[{"href":"https:\/\/rimacomp.com\/index.php?rest_route=\/wp\/v2\/types\/page"}],"author":[{"embeddable":true,"href":"https:\/\/rimacomp.com\/index.php?rest_route=\/wp\/v2\/users\/1"}],"replies":[{"embeddable":true,"href":"https:\/\/rimacomp.com\/index.php?rest_route=%2Fwp%2Fv2%2Fcomments&post=6543"}],"version-history":[{"count":39,"href":"https:\/\/rimacomp.com\/index.php?rest_route=\/wp\/v2\/pages\/6543\/revisions"}],"predecessor-version":[{"id":21023,"href":"https:\/\/rimacomp.com\/index.php?rest_route=\/wp\/v2\/pages\/6543\/revisions\/21023"}],"wp:attachment":[{"href":"https:\/\/rimacomp.com\/index.php?rest_route=%2Fwp%2Fv2%2Fmedia&parent=6543"}],"curies":[{"name":"wp","href":"https:\/\/api.w.org\/{rel}","templated":true}]}}