{"id":7774,"date":"2022-04-01T16:34:08","date_gmt":"2022-04-01T16:34:08","guid":{"rendered":"http:\/\/localhost\/techno\/?page_id=7774"},"modified":"2025-02-23T14:58:09","modified_gmt":"2025-02-23T14:58:09","slug":"clients","status":"publish","type":"page","link":"https:\/\/rimacomp.com\/?page_id=7774","title":{"rendered":"Technische Detailinformation"},"content":{"rendered":"\t\t<div data-elementor-type=\"wp-page\" data-elementor-id=\"7774\" class=\"elementor elementor-7774\" data-elementor-post-type=\"page\">\n\t\t\t\t\t\t<section class=\"elementor-section elementor-top-section elementor-element elementor-element-2f7d60f elementor-section-boxed elementor-section-height-default elementor-section-height-default\" data-id=\"2f7d60f\" data-element_type=\"section\">\n\t\t\t\t\t\t<div class=\"elementor-container elementor-column-gap-default\">\n\t\t\t\t\t<div class=\"elementor-column elementor-col-100 elementor-top-column elementor-element elementor-element-76ddeb0\" data-id=\"76ddeb0\" data-element_type=\"column\">\n\t\t\t<div class=\"elementor-widget-wrap elementor-element-populated\">\n\t\t\t\t<div class=\"elementor-element elementor-element-a6a1e35 e-flex e-con-boxed e-con e-parent\" data-id=\"a6a1e35\" data-element_type=\"container\">\n\t\t\t\t\t<div class=\"e-con-inner\">\n\t\t\t\t<div class=\"elementor-element elementor-element-d753225 elementor-widget elementor-widget-image\" data-id=\"d753225\" data-element_type=\"widget\" data-widget_type=\"image.default\">\n\t\t\t\t<div class=\"elementor-widget-container\">\n\t\t\t\t\t\t\t\t\t\t\t\t\t\t\t<img fetchpriority=\"high\" decoding=\"async\" width=\"939\" height=\"295\" src=\"https:\/\/rimacomp.com\/wp-content\/uploads\/2025\/02\/KompSeite.jpg\" class=\"attachment-large size-large wp-image-20752\" alt=\"\" srcset=\"https:\/\/rimacomp.com\/wp-content\/uploads\/2025\/02\/KompSeite.jpg 939w, https:\/\/rimacomp.com\/wp-content\/uploads\/2025\/02\/KompSeite-300x94.jpg 300w, https:\/\/rimacomp.com\/wp-content\/uploads\/2025\/02\/KompSeite-768x241.jpg 768w\" sizes=\"(max-width: 939px) 100vw, 939px\" \/>\t\t\t\t\t\t\t\t\t\t\t\t\t\t\t<\/div>\n\t\t\t\t<\/div>\n\t\t<div class=\"elementor-element elementor-element-37231a7 e-grid e-con-full e-con e-child\" data-id=\"37231a7\" data-element_type=\"container\">\n\t\t\t\t<div class=\"elementor-element elementor-element-6faead3 elementor-widget elementor-widget-image\" data-id=\"6faead3\" data-element_type=\"widget\" data-widget_type=\"image.default\">\n\t\t\t\t<div class=\"elementor-widget-container\">\n\t\t\t\t\t\t\t\t\t\t\t\t\t\t\t<img decoding=\"async\" width=\"1024\" height=\"1024\" src=\"https:\/\/rimacomp.com\/wp-content\/uploads\/2025\/02\/DALL\u00b7E-2025-02-20-20.16.05-A-high-quality-3D-rendered-__front-view__-of-a-hydraulic-piston-compressor.-This-perspective-should-showcase__-The-main-structure-of-the-compressor_-.webp\" class=\"attachment-large size-large wp-image-20936\" alt=\"\" srcset=\"https:\/\/rimacomp.com\/wp-content\/uploads\/2025\/02\/DALL\u00b7E-2025-02-20-20.16.05-A-high-quality-3D-rendered-__front-view__-of-a-hydraulic-piston-compressor.-This-perspective-should-showcase__-The-main-structure-of-the-compressor_-.webp 1024w, https:\/\/rimacomp.com\/wp-content\/uploads\/2025\/02\/DALL\u00b7E-2025-02-20-20.16.05-A-high-quality-3D-rendered-__front-view__-of-a-hydraulic-piston-compressor.-This-perspective-should-showcase__-The-main-structure-of-the-compressor_--300x300.webp 300w, https:\/\/rimacomp.com\/wp-content\/uploads\/2025\/02\/DALL\u00b7E-2025-02-20-20.16.05-A-high-quality-3D-rendered-__front-view__-of-a-hydraulic-piston-compressor.-This-perspective-should-showcase__-The-main-structure-of-the-compressor_--150x150.webp 150w, https:\/\/rimacomp.com\/wp-content\/uploads\/2025\/02\/DALL\u00b7E-2025-02-20-20.16.05-A-high-quality-3D-rendered-__front-view__-of-a-hydraulic-piston-compressor.-This-perspective-should-showcase__-The-main-structure-of-the-compressor_--768x768.webp 768w, https:\/\/rimacomp.com\/wp-content\/uploads\/2025\/02\/DALL\u00b7E-2025-02-20-20.16.05-A-high-quality-3D-rendered-__front-view__-of-a-hydraulic-piston-compressor.-This-perspective-should-showcase__-The-main-structure-of-the-compressor_--450x450.webp 450w, https:\/\/rimacomp.com\/wp-content\/uploads\/2025\/02\/DALL\u00b7E-2025-02-20-20.16.05-A-high-quality-3D-rendered-__front-view__-of-a-hydraulic-piston-compressor.-This-perspective-should-showcase__-The-main-structure-of-the-compressor_--106x106.webp 106w, https:\/\/rimacomp.com\/wp-content\/uploads\/2025\/02\/DALL\u00b7E-2025-02-20-20.16.05-A-high-quality-3D-rendered-__front-view__-of-a-hydraulic-piston-compressor.-This-perspective-should-showcase__-The-main-structure-of-the-compressor_--560x560.webp 560w, https:\/\/rimacomp.com\/wp-content\/uploads\/2025\/02\/DALL\u00b7E-2025-02-20-20.16.05-A-high-quality-3D-rendered-__front-view__-of-a-hydraulic-piston-compressor.-This-perspective-should-showcase__-The-main-structure-of-the-compressor_--80x80.webp 80w\" sizes=\"(max-width: 1024px) 100vw, 1024px\" \/>\t\t\t\t\t\t\t\t\t\t\t\t\t\t\t<\/div>\n\t\t\t\t<\/div>\n\t\t\t\t<div class=\"elementor-element elementor-element-07ac6d7 elementor-widget elementor-widget-image\" data-id=\"07ac6d7\" data-element_type=\"widget\" data-widget_type=\"image.default\">\n\t\t\t\t<div class=\"elementor-widget-container\">\n\t\t\t\t\t\t\t\t\t\t\t\t\t\t\t<img decoding=\"async\" width=\"1024\" height=\"1024\" src=\"https:\/\/rimacomp.com\/wp-content\/uploads\/2025\/02\/DALL\u00b7E-2025-02-20-20.26.02-A-high-quality-3D-rendered-__exploded-view__-of-a-hydraulic-piston-compressor.-This-perspective-should-showcase__-Components-slightly-separated-to-il.webp\" class=\"attachment-large size-large wp-image-20956\" alt=\"\" srcset=\"https:\/\/rimacomp.com\/wp-content\/uploads\/2025\/02\/DALL\u00b7E-2025-02-20-20.26.02-A-high-quality-3D-rendered-__exploded-view__-of-a-hydraulic-piston-compressor.-This-perspective-should-showcase__-Components-slightly-separated-to-il.webp 1024w, https:\/\/rimacomp.com\/wp-content\/uploads\/2025\/02\/DALL\u00b7E-2025-02-20-20.26.02-A-high-quality-3D-rendered-__exploded-view__-of-a-hydraulic-piston-compressor.-This-perspective-should-showcase__-Components-slightly-separated-to-il-300x300.webp 300w, https:\/\/rimacomp.com\/wp-content\/uploads\/2025\/02\/DALL\u00b7E-2025-02-20-20.26.02-A-high-quality-3D-rendered-__exploded-view__-of-a-hydraulic-piston-compressor.-This-perspective-should-showcase__-Components-slightly-separated-to-il-150x150.webp 150w, https:\/\/rimacomp.com\/wp-content\/uploads\/2025\/02\/DALL\u00b7E-2025-02-20-20.26.02-A-high-quality-3D-rendered-__exploded-view__-of-a-hydraulic-piston-compressor.-This-perspective-should-showcase__-Components-slightly-separated-to-il-768x768.webp 768w, https:\/\/rimacomp.com\/wp-content\/uploads\/2025\/02\/DALL\u00b7E-2025-02-20-20.26.02-A-high-quality-3D-rendered-__exploded-view__-of-a-hydraulic-piston-compressor.-This-perspective-should-showcase__-Components-slightly-separated-to-il-450x450.webp 450w, https:\/\/rimacomp.com\/wp-content\/uploads\/2025\/02\/DALL\u00b7E-2025-02-20-20.26.02-A-high-quality-3D-rendered-__exploded-view__-of-a-hydraulic-piston-compressor.-This-perspective-should-showcase__-Components-slightly-separated-to-il-106x106.webp 106w, https:\/\/rimacomp.com\/wp-content\/uploads\/2025\/02\/DALL\u00b7E-2025-02-20-20.26.02-A-high-quality-3D-rendered-__exploded-view__-of-a-hydraulic-piston-compressor.-This-perspective-should-showcase__-Components-slightly-separated-to-il-560x560.webp 560w, https:\/\/rimacomp.com\/wp-content\/uploads\/2025\/02\/DALL\u00b7E-2025-02-20-20.26.02-A-high-quality-3D-rendered-__exploded-view__-of-a-hydraulic-piston-compressor.-This-perspective-should-showcase__-Components-slightly-separated-to-il-80x80.webp 80w\" sizes=\"(max-width: 1024px) 100vw, 1024px\" \/>\t\t\t\t\t\t\t\t\t\t\t\t\t\t\t<\/div>\n\t\t\t\t<\/div>\n\t\t\t\t<div class=\"elementor-element elementor-element-29c095d elementor-widget elementor-widget-image\" data-id=\"29c095d\" data-element_type=\"widget\" data-widget_type=\"image.default\">\n\t\t\t\t<div class=\"elementor-widget-container\">\n\t\t\t\t\t\t\t\t\t\t\t\t\t\t\t<img loading=\"lazy\" decoding=\"async\" width=\"1024\" height=\"1024\" src=\"https:\/\/rimacomp.com\/wp-content\/uploads\/2025\/02\/DALL\u00b7E-2025-02-20-20.15.16-A-high-quality-3D-rendered-image-of-a-hydraulic-piston-compressor-from-the-__front-view__.-The-image-should-clearly-showcase__-The-main-structure-of-.webp\" class=\"attachment-large size-large wp-image-20933\" alt=\"\" srcset=\"https:\/\/rimacomp.com\/wp-content\/uploads\/2025\/02\/DALL\u00b7E-2025-02-20-20.15.16-A-high-quality-3D-rendered-image-of-a-hydraulic-piston-compressor-from-the-__front-view__.-The-image-should-clearly-showcase__-The-main-structure-of-.webp 1024w, https:\/\/rimacomp.com\/wp-content\/uploads\/2025\/02\/DALL\u00b7E-2025-02-20-20.15.16-A-high-quality-3D-rendered-image-of-a-hydraulic-piston-compressor-from-the-__front-view__.-The-image-should-clearly-showcase__-The-main-structure-of--300x300.webp 300w, https:\/\/rimacomp.com\/wp-content\/uploads\/2025\/02\/DALL\u00b7E-2025-02-20-20.15.16-A-high-quality-3D-rendered-image-of-a-hydraulic-piston-compressor-from-the-__front-view__.-The-image-should-clearly-showcase__-The-main-structure-of--150x150.webp 150w, https:\/\/rimacomp.com\/wp-content\/uploads\/2025\/02\/DALL\u00b7E-2025-02-20-20.15.16-A-high-quality-3D-rendered-image-of-a-hydraulic-piston-compressor-from-the-__front-view__.-The-image-should-clearly-showcase__-The-main-structure-of--768x768.webp 768w, https:\/\/rimacomp.com\/wp-content\/uploads\/2025\/02\/DALL\u00b7E-2025-02-20-20.15.16-A-high-quality-3D-rendered-image-of-a-hydraulic-piston-compressor-from-the-__front-view__.-The-image-should-clearly-showcase__-The-main-structure-of--450x450.webp 450w, https:\/\/rimacomp.com\/wp-content\/uploads\/2025\/02\/DALL\u00b7E-2025-02-20-20.15.16-A-high-quality-3D-rendered-image-of-a-hydraulic-piston-compressor-from-the-__front-view__.-The-image-should-clearly-showcase__-The-main-structure-of--106x106.webp 106w, https:\/\/rimacomp.com\/wp-content\/uploads\/2025\/02\/DALL\u00b7E-2025-02-20-20.15.16-A-high-quality-3D-rendered-image-of-a-hydraulic-piston-compressor-from-the-__front-view__.-The-image-should-clearly-showcase__-The-main-structure-of--560x560.webp 560w, https:\/\/rimacomp.com\/wp-content\/uploads\/2025\/02\/DALL\u00b7E-2025-02-20-20.15.16-A-high-quality-3D-rendered-image-of-a-hydraulic-piston-compressor-from-the-__front-view__.-The-image-should-clearly-showcase__-The-main-structure-of--80x80.webp 80w\" sizes=\"(max-width: 1024px) 100vw, 1024px\" \/>\t\t\t\t\t\t\t\t\t\t\t\t\t\t\t<\/div>\n\t\t\t\t<\/div>\n\t\t\t\t<\/div>\n\t\t<div class=\"elementor-element elementor-element-4b2cce2 e-con-full e-flex e-con e-child\" data-id=\"4b2cce2\" data-element_type=\"container\">\n\t\t\t\t<div class=\"elementor-element elementor-element-5844aa1 elementor-widget elementor-widget-text-editor\" data-id=\"5844aa1\" data-element_type=\"widget\" data-widget_type=\"text-editor.default\">\n\t\t\t\t<div class=\"elementor-widget-container\">\n\t\t\t\t\t\t\t\t\t<p data-start=\"0\" data-end=\"321\">Ja, es existieren bereits <strong data-start=\"26\" data-end=\"73\">hydraulisch angetriebene Kolbenkompressoren<\/strong>, die die hydraulische Leistung von Maschinen in Druckluft umwandeln. Diese bestehenden Modelle nutzen jedoch in der Regel mechanische Kolben zur Gasverdichtung. Die von uns erfundene Konstruktion mit einem <strong data-start=\"737\" data-end=\"767\">ringf\u00f6rmigen Druckbeh\u00e4lter<\/strong> und der <strong data-start=\"776\" data-end=\"843\">Verwendung von Hydraulikfl\u00fcssigkeit zur direkten Gasverdichtung<\/strong> stellt eine innovative Variante dar, die sich von den herk\u00f6mmlichen Designs unterscheidet.<\/p>\n<p>Die Verdichtung erfolgt nicht mit einem mechanischen Kolben, sondern hydraulisch durch eine Fl\u00fcssigkeit. Dadurch kann der<br \/>Verdichtungsraum so gestaltet werden, dass eine m\u00f6glichst gro\u00dfe Oberfl\u00e4che f\u00fcr die W\u00e4rmeabfuhr zur Verf\u00fcgung steht. Zwischen dem gasf\u00f6rmigen, zu komprimierenden Medium und der Hydraulikfl\u00fcssigkeit wird ein Trennk\u00f6rper gesetzt, der von der<br \/>Hydraulikfl\u00fcssigkeit als Trennung zum gasf\u00f6rmigen Medium vor sich her geschoben wird.<\/p>\t\t\t\t\t\t\t\t<\/div>\n\t\t\t\t<\/div>\n\t\t\t\t<\/div>\n\t\t\t\t\t<\/div>\n\t\t\t\t<\/div>\n\t\t\t\t\t<\/div>\n\t\t<\/div>\n\t\t\t\t\t<\/div>\n\t\t<\/section>\n\t\t\t\t<section class=\"elementor-section elementor-top-section elementor-element elementor-element-89d7e64 elementor-section-content-middle elementor-section-boxed elementor-section-height-default elementor-section-height-default\" data-id=\"89d7e64\" data-element_type=\"section\" data-settings=\"{&quot;background_background&quot;:&quot;classic&quot;}\">\n\t\t\t\t\t\t<div class=\"elementor-container elementor-column-gap-default\">\n\t\t\t\t\t<div class=\"elementor-column elementor-col-100 elementor-top-column elementor-element elementor-element-79b97f6\" data-id=\"79b97f6\" data-element_type=\"column\">\n\t\t\t<div class=\"elementor-widget-wrap elementor-element-populated\">\n\t\t\t\t<div class=\"elementor-element elementor-element-ba8e853 e-grid e-con-boxed e-con e-parent\" data-id=\"ba8e853\" data-element_type=\"container\">\n\t\t\t\t\t<div class=\"e-con-inner\">\n\t\t\t\t<div class=\"elementor-element elementor-element-ce259eb elementor-widget elementor-widget-image\" data-id=\"ce259eb\" data-element_type=\"widget\" data-widget_type=\"image.default\">\n\t\t\t\t<div class=\"elementor-widget-container\">\n\t\t\t\t\t\t\t\t\t\t\t\t\t\t\t<img loading=\"lazy\" decoding=\"async\" width=\"459\" height=\"519\" src=\"https:\/\/rimacomp.com\/wp-content\/uploads\/2025\/02\/Bestandteile.jpg\" class=\"attachment-large size-large wp-image-20753\" alt=\"\" srcset=\"https:\/\/rimacomp.com\/wp-content\/uploads\/2025\/02\/Bestandteile.jpg 459w, https:\/\/rimacomp.com\/wp-content\/uploads\/2025\/02\/Bestandteile-265x300.jpg 265w\" sizes=\"(max-width: 459px) 100vw, 459px\" \/>\t\t\t\t\t\t\t\t\t\t\t\t\t\t\t<\/div>\n\t\t\t\t<\/div>\n\t\t\t\t<div class=\"elementor-element elementor-element-6a3b5a6 elementor-widget elementor-widget-text-editor\" data-id=\"6a3b5a6\" data-element_type=\"widget\" data-widget_type=\"text-editor.default\">\n\t\t\t\t<div class=\"elementor-widget-container\">\n\t\t\t\t\t\t\t\t\t<p>1. Beh\u00e4lter f\u00fcr Hydraulikfl\u00fcssigkeit<br \/>2. Hydraulikpumpe<br \/>3. Hydraulikfl\u00fcssigkeit<br \/>4. Trennzylinder zur Trennung von Hydraulikfl\u00fcssigkeit und K\u00fchlfl\u00fcssigkeit<br \/>5. K\u00fchlrippen<br \/>7. Ringf\u00f6rmiger Zylinder als Trennung zwischen Hydraulikfl\u00fcssigkeit und<br \/>dem zu verdichtendem Gas<br \/>8. Zu verdichtendes Gas<br \/>9. Verengung des Spaltes im ringf\u00f6rmigen Druckbeh\u00e4lter<br \/>10. K\u00fchlfl\u00fcssigkeit<br \/>11. W\u00e4rmetauscher<br \/>12. Auslassventil zur weiteren Verwendung<br \/>13. Einlassventil f\u00fcr unkomprimiertes Gas<br \/>14. Ringf\u00f6rmiger Druckbeh\u00e4lter<br \/>15. Str\u00f6mungsbeh\u00e4lter f\u00fcr K\u00fchlfl\u00fcssigkeit<\/p>\t\t\t\t\t\t\t\t<\/div>\n\t\t\t\t<\/div>\n\t\t\t\t\t<\/div>\n\t\t\t\t<\/div>\n\t\t\t\t\t<\/div>\n\t\t<\/div>\n\t\t\t\t\t<\/div>\n\t\t<\/section>\n\t\t\t\t<section class=\"elementor-section elementor-top-section elementor-element elementor-element-cab7d25 elementor-section-content-middle elementor-section-boxed elementor-section-height-default elementor-section-height-default\" data-id=\"cab7d25\" data-element_type=\"section\" data-settings=\"{&quot;background_background&quot;:&quot;classic&quot;}\">\n\t\t\t\t\t\t<div class=\"elementor-container elementor-column-gap-default\">\n\t\t\t\t\t<div class=\"elementor-column elementor-col-100 elementor-top-column elementor-element elementor-element-1ffe12e\" data-id=\"1ffe12e\" data-element_type=\"column\">\n\t\t\t<div class=\"elementor-widget-wrap elementor-element-populated\">\n\t\t\t\t<div class=\"elementor-element elementor-element-e21a74e e-grid e-con-boxed e-con e-parent\" data-id=\"e21a74e\" data-element_type=\"container\">\n\t\t\t\t\t<div class=\"e-con-inner\">\n\t\t\t\t<div class=\"elementor-element elementor-element-1264816 elementor-widget elementor-widget-image\" data-id=\"1264816\" data-element_type=\"widget\" data-widget_type=\"image.default\">\n\t\t\t\t<div class=\"elementor-widget-container\">\n\t\t\t\t\t\t\t\t\t\t\t\t\t\t\t<img loading=\"lazy\" decoding=\"async\" width=\"459\" height=\"519\" src=\"https:\/\/rimacomp.com\/wp-content\/uploads\/2025\/02\/Bestandteile.jpg\" class=\"attachment-large size-large wp-image-20753\" alt=\"\" srcset=\"https:\/\/rimacomp.com\/wp-content\/uploads\/2025\/02\/Bestandteile.jpg 459w, https:\/\/rimacomp.com\/wp-content\/uploads\/2025\/02\/Bestandteile-265x300.jpg 265w\" sizes=\"(max-width: 459px) 100vw, 459px\" \/>\t\t\t\t\t\t\t\t\t\t\t\t\t\t\t<\/div>\n\t\t\t\t<\/div>\n\t\t\t\t<div class=\"elementor-element elementor-element-97d0c40 elementor-widget elementor-widget-text-editor\" data-id=\"97d0c40\" data-element_type=\"widget\" data-widget_type=\"text-editor.default\">\n\t\t\t\t<div class=\"elementor-widget-container\">\n\t\t\t\t\t\t\t\t\t<p>Eine Hydraulikpumpe <strong>(2)<\/strong> presst die Hydraulikfl\u00fcssigkeit <strong>(3)<\/strong> in einen ringf\u00f6rmigen Druckbeh\u00e4lter <strong>(14)<\/strong>. Die Hydraulikpumpe <strong>(2)<\/strong> wird durch einen Beh\u00e4lter f\u00fcr Hydraulikfl\u00fcssigkeit <strong>(1)<\/strong> gespeist. Die Hydraulikfl\u00fcssigkeit <strong>(3)<\/strong> verdichtet das zu verdichtende Gas <strong>(8)<\/strong>. Ein ringf\u00f6rmiger Zylinder <strong>(7)<\/strong> dient als Trennung zwischen Hydraulikfl\u00fcssigkeit <strong>(3)<\/strong> und dem zu verdichtendem Gas<br \/><strong>(8)<\/strong>. Das Einlassventil <strong>(13)<\/strong> ist dabei geschlossen. Das verdichtete Gas str\u00f6mt durch das Auslassventil <strong>(12)<\/strong> in einen Beh\u00e4lter f\u00fcr<br \/>die Verwendung des komprimierten Gases <strong>(8)<\/strong>. Sobald der ringf\u00f6rmige Zylinder <strong>(7)<\/strong> den oberen Totpunkt erreicht hat, wird die Hydraulikfl\u00fcssigkeit <strong>(3)<\/strong> zur\u00fcck in den Beh\u00e4lter f\u00fcr Hydraulikfl\u00fcssigkeit <strong>(1)<\/strong> zur\u00fcckgepumpt. Der ringf\u00f6rmige Zylinder <strong>(7)<\/strong> bewegt sich in seine Ausgangsposition. Dadurch<br \/>schlie\u00dft sich das Auslassventil <strong>(12)<\/strong>, das Einlassventil <strong>(13)<\/strong> \u00f6ffnet sich und es wird neues Gas angesaugt und der Vorgang beginnt von vorne. Die W\u00e4rmeabfuhr erfolgt durch eine K\u00fchlfl\u00fcssigkeit <strong>(10)<\/strong>, die den ringf\u00f6rmigen Druckbeh\u00e4lter <strong>(14)<\/strong> innen und au\u00dfen im Str\u00f6mungsbeh\u00e4lter f\u00fcr K\u00fchlfl\u00fcssigkeit <strong>(15)<\/strong> umstr\u00f6mt. Die W\u00e4rmeabfuhr wird durch K\u00fchlrippen <strong>(5)<\/strong>,<br \/>die am ringf\u00f6rmigen Druckbeh\u00e4lter <strong>(14)<\/strong> angebracht sind, optimiert.<\/p>\t\t\t\t\t\t\t\t<\/div>\n\t\t\t\t<\/div>\n\t\t\t\t\t<\/div>\n\t\t\t\t<\/div>\n\t\t<div class=\"elementor-element elementor-element-2241e5a e-flex e-con-boxed e-con e-parent\" data-id=\"2241e5a\" data-element_type=\"container\">\n\t\t\t\t\t<div class=\"e-con-inner\">\n\t\t\t\t<div class=\"elementor-element elementor-element-7759208 elementor-widget elementor-widget-text-editor\" data-id=\"7759208\" data-element_type=\"widget\" data-widget_type=\"text-editor.default\">\n\t\t\t\t<div class=\"elementor-widget-container\">\n\t\t\t\t\t\t\t\t\t<p>Damit eine optimale Abf\u00fchrung der durch die Komprimierung des Gases <strong>(8)<\/strong> entstandenen W\u00e4rme erreicht wird, kann f\u00fcr besondere Verwendungszwecke der ringf\u00f6rmige Druckbeh\u00e4lter <strong>(14)<\/strong> im hohen Druckbereich des Gases <strong>(8)<\/strong> eine Verengung <strong>(9)<\/strong> aufweisen, um das Verh\u00e4ltnis der Oberfl\u00e4che des zu komprimierenden Gases <strong>(8)<\/strong> zu seinem Volumen zu vergr\u00f6\u00dfern, um somit eine isotherm nahe Komprimierung zu optimieren. Die erhitzte K\u00fchlfl\u00fcssigkeit <strong>(10)<\/strong> kann nun f\u00fcr Heizung oder andere Zwecke<br \/>verwendet werden. Das gek\u00fchlte und komprimierte Gas <strong>(8)<\/strong> wird bis zum Erreichen des erforderlichen Druckes einem Beh\u00e4lter f\u00fcr die weitere Verwendung zugef\u00fchrt. Entweder die Bef\u00fcllung eines Beh\u00e4lters war der Zweck oder es kann durch Entspannung in einer entsprechenden Vorrichtung technische Arbeit verrichten, die zur Energiegewinnung genutzt werden kann. Optional kann die K\u00fchlfl\u00fcssigkeit 10 durch einen W\u00e4rmetauscher <strong>(11)<\/strong> wieder gek\u00fchlt und dem Kreislauf zur K\u00fchlung des komprimierten Gases <strong>(8)<\/strong> zugef\u00fchrt werden. Auch kann bei der Anwendung von hohem Dr\u00fccken des zu verdichtenden Gases <strong>(8)<\/strong> um den ringf\u00f6rmigen Druckbeh\u00e4lter <strong>(14)<\/strong> m\u00f6glichst d\u00fcnnwandig konstruieren zu k\u00f6nnen, und auch um einen optimalen W\u00e4rme\u00fcbergang zu erreichen, der Druck zwischen der Hydraulikfl\u00fcssigkeit <strong>(3)<\/strong> und der K\u00fchlfl\u00fcssigkeit <strong>(10)<\/strong> \u00fcber einen Trennzylinder zur Trennung von Hydraulikfl\u00fcssigkeit <strong>(3)<\/strong> und K\u00fchlfl\u00fcssigkeit <strong>(10)<\/strong> angeglichen werden.<\/p>\t\t\t\t\t\t\t\t<\/div>\n\t\t\t\t<\/div>\n\t\t\t\t\t<\/div>\n\t\t\t\t<\/div>\n\t\t\t\t\t<\/div>\n\t\t<\/div>\n\t\t\t\t\t<\/div>\n\t\t<\/section>\n\t\t\t\t<section class=\"elementor-section elementor-top-section elementor-element elementor-element-eb9ae6c elementor-section-content-middle elementor-section-boxed elementor-section-height-default elementor-section-height-default\" data-id=\"eb9ae6c\" data-element_type=\"section\" data-settings=\"{&quot;background_background&quot;:&quot;classic&quot;}\">\n\t\t\t\t\t\t<div class=\"elementor-container elementor-column-gap-default\">\n\t\t\t\t\t<div class=\"elementor-column elementor-col-100 elementor-top-column elementor-element elementor-element-9fc51a0\" data-id=\"9fc51a0\" data-element_type=\"column\">\n\t\t\t<div class=\"elementor-widget-wrap elementor-element-populated\">\n\t\t\t\t<div class=\"elementor-element elementor-element-562a15f e-flex e-con-boxed e-con e-parent\" data-id=\"562a15f\" data-element_type=\"container\">\n\t\t\t\t\t<div class=\"e-con-inner\">\n\t\t\t\t<div class=\"elementor-element elementor-element-5e152e1 elementor-widget elementor-widget-video\" data-id=\"5e152e1\" data-element_type=\"widget\" data-settings=\"{&quot;video_type&quot;:&quot;hosted&quot;,&quot;controls&quot;:&quot;yes&quot;}\" data-widget_type=\"video.default\">\n\t\t\t\t<div class=\"elementor-widget-container\">\n\t\t\t\t\t\t\t<div class=\"e-hosted-video elementor-wrapper elementor-open-inline\">\n\t\t\t\t\t<video class=\"elementor-video\" src=\"https:\/\/rimacomp.com\/wp-content\/uploads\/2025\/02\/Technische-Erklaerung-\u2013-Hydraulischer-Kolbenkompressor-Neu.mp4\" controls=\"\" preload=\"metadata\" controlsList=\"nodownload\"><\/video>\n\t\t\t\t<\/div>\n\t\t\t\t\t\t<\/div>\n\t\t\t\t<\/div>\n\t\t\t\t\t<\/div>\n\t\t\t\t<\/div>\n\t\t\t\t\t<\/div>\n\t\t<\/div>\n\t\t\t\t\t<\/div>\n\t\t<\/section>\n\t\t\t\t<section class=\"elementor-section elementor-top-section elementor-element elementor-element-998a8ed elementor-section-boxed elementor-section-height-default elementor-section-height-default\" data-id=\"998a8ed\" data-element_type=\"section\">\n\t\t\t\t\t\t<div class=\"elementor-container elementor-column-gap-default\">\n\t\t\t\t\t<div class=\"elementor-column elementor-col-100 elementor-top-column elementor-element elementor-element-80f26e4\" data-id=\"80f26e4\" data-element_type=\"column\">\n\t\t\t<div class=\"elementor-widget-wrap\">\n\t\t\t\t\t\t\t<\/div>\n\t\t<\/div>\n\t\t\t\t\t<\/div>\n\t\t<\/section>\n\t\t\t\t<\/div>\n\t\t","protected":false},"excerpt":{"rendered":"<p>Ja, es existieren bereits hydraulisch angetriebene Kolbenkompressoren, die die hydraulische Leistung von Maschinen in Druckluft umwandeln. Diese bestehenden Modelle nutzen jedoch in der Regel mechanische Kolben zur Gasverdichtung. Die von uns erfundene Konstruktion mit einem ringf\u00f6rmigen Druckbeh\u00e4lter und der Verwendung von Hydraulikfl\u00fcssigkeit zur direkten Gasverdichtung stellt eine innovative Variante dar, die sich von den herk\u00f6mmlichen [&hellip;]<\/p>\n","protected":false},"author":1,"featured_media":0,"parent":0,"menu_order":0,"comment_status":"closed","ping_status":"closed","template":"","meta":{"_monsterinsights_skip_tracking":false,"_monsterinsights_sitenote_active":false,"_monsterinsights_sitenote_note":"","_monsterinsights_sitenote_category":0,"footnotes":""},"class_list":["post-7774","page","type-page","status-publish","hentry"],"aioseo_notices":[],"_links":{"self":[{"href":"https:\/\/rimacomp.com\/index.php?rest_route=\/wp\/v2\/pages\/7774","targetHints":{"allow":["GET"]}}],"collection":[{"href":"https:\/\/rimacomp.com\/index.php?rest_route=\/wp\/v2\/pages"}],"about":[{"href":"https:\/\/rimacomp.com\/index.php?rest_route=\/wp\/v2\/types\/page"}],"author":[{"embeddable":true,"href":"https:\/\/rimacomp.com\/index.php?rest_route=\/wp\/v2\/users\/1"}],"replies":[{"embeddable":true,"href":"https:\/\/rimacomp.com\/index.php?rest_route=%2Fwp%2Fv2%2Fcomments&post=7774"}],"version-history":[{"count":33,"href":"https:\/\/rimacomp.com\/index.php?rest_route=\/wp\/v2\/pages\/7774\/revisions"}],"predecessor-version":[{"id":21026,"href":"https:\/\/rimacomp.com\/index.php?rest_route=\/wp\/v2\/pages\/7774\/revisions\/21026"}],"wp:attachment":[{"href":"https:\/\/rimacomp.com\/index.php?rest_route=%2Fwp%2Fv2%2Fmedia&parent=7774"}],"curies":[{"name":"wp","href":"https:\/\/api.w.org\/{rel}","templated":true}]}}